{"id":103108,"date":"2021-11-16T15:57:01","date_gmt":"2021-11-16T20:57:01","guid":{"rendered":"https:\/\/neurotype.pro\/datenschutzerklaerung\/"},"modified":"2021-12-08T16:01:02","modified_gmt":"2021-12-08T21:01:02","slug":"datenschutzerklaerung","status":"publish","type":"page","link":"https:\/\/neurotype.pro\/de\/datenschutzerklaerung\/","title":{"rendered":"Datenschutzerkl\u00e4rung"},"content":{"rendered":"<div id=\"policy\">\n<p><span style=\"font-weight: 400;\">Die Gew\u00e4hrleistung der Vertraulichkeit der von Ihnen \u00fcbermittelten Informationen ist Neurotype System (Ballistic Management Inc.) ein gro\u00dfes Anliegen. Wir glauben auch, dass es wichtig ist, Sie dar\u00fcber zu informieren, wie wir mit Ihren Daten umgehen. Daher empfehlen wir Ihnen, unsere Datenschutzerkl\u00e4rung sorgf\u00e4ltig zu lesen.<\/span><\/p>\n<p><span style=\"font-weight: 400;\">Neurotype System ist nicht verantwortlich f\u00fcr den Inhalt externer Websites Dritter oder darin enthaltener Hyperlinks und hat daher keine Kontrolle dar\u00fcber.<\/span><\/p>\n<h2><b>WEITERGABE VON INFORMATIONEN<\/b><\/h2>\n<p><span style=\"font-weight: 400;\">Neurotype System wird Ihre personenbezogenen Daten nicht an Dritte verkaufen oder vermieten, mit Ausnahme der Offenlegung von Informationen an den Partner \/ Drittanbieter von Neurotype System, der auf der rechten Seite der Hauptseiten oder im unteren Teil der mobilen Version der Website angegeben ist. Dieser Partner\/dieses Drittunternehmen ist an eine Vertraulichkeitsvereinbarung gebunden. Andernfalls k\u00f6nnen wir Ihre personenbezogenen Daten offenlegen, wenn dies gesetzlich vorgeschrieben ist oder wenn wir in gutem Glauben der Ansicht sind, dass eine solche Ma\u00dfnahme erforderlich ist, um unseren gesetzlichen Verpflichtungen nachzukommen.<\/span><\/p>\n<h2><b>ANONYME INFORMATIONEN<\/b><\/h2>\n<p><span style=\"font-weight: 400;\">Wenn Sie unsere Website besuchen, um Informationen zu durchsuchen, zu lesen oder herunterzuladen, sammeln und speichern wir einige Informationen, wie den Domainnamen und Hostnamen, \u00fcber den Sie auf das Internet zugreifen, die IP-Adresse des von Ihnen verwendeten Computers, das Datum und die Uhrzeit Ihres Besuchs und die Adresse der Website, von der aus Sie auf unsere Website zugegriffen haben. Wir verwenden diese Informationen, um den Traffic auf unserer Website zu messen und sie hilfreicher und effizienter zu gestalten.<\/span><\/p>\n<h2><b>PERS\u00d6NLICHE DATEN<\/b><\/h2>\n<p><span style=\"font-weight: 400;\">Personenbezogene Daten sind Informationen wie Ihr Name, Geburtsdatum oder Ihre E-Mail-Adresse, die verwendet werden k\u00f6nnen, um Sie zu identifizieren. Dar\u00fcber hinaus umfassen personenbezogene Daten auch alle Informationen, die Sie im Rahmen des Neurotypisierungstests zur Verf\u00fcgung stellen. Sie k\u00f6nnen auf die Neurotype System-Website zugreifen und diese durchsuchen, ohne Ihre pers\u00f6nlichen Daten anzugeben. <\/span><\/p>\n<p><span style=\"font-weight: 400;\">Um jedoch bestimmte Optionen auf der Website nutzen zu k\u00f6nnen, wie z. B. den Kauf von Neurotyping-Testzugriffen, muss der Benutzer bestimmte pers\u00f6nliche Informationen angeben, z. B. Vorname, Nachname, Telefonnummer und E-Mail-Adresse). Die auf dieser Website gesammelten personenbezogenen Daten werden nur f\u00fcr die Zwecke verwendet, die bei der Anfrage der Informationen klar erl\u00e4utert wurden. Kontaktinformationen wie Namen und E-Mail-Adressen werden verwendet, um Benutzern die auf dieser Website ausgew\u00e4hlten Dienste zur Verf\u00fcgung zu stellen.<\/span><\/p>\n<p><span style=\"font-weight: 400;\">Wir k\u00f6nnen die auf dieser Website gesammelten personenbezogenen Daten verwenden, um Benutzer im Falle von Missbrauch, Nichteinhaltung bestimmter Vertragsbedingungen oder im Falle einer Beschwerde eines anderen Benutzers zu kontaktieren.<\/span><\/p>\n<h2><b>VERWENDUNG PERSONENBEZOGENER DATEN<\/b><\/h2>\n<p><span style=\"font-weight: 400;\">Wir k\u00f6nnen Ihre personenbezogenen Daten verwenden, um Sie zu kontaktieren. Zum Beispiel k\u00f6nnen wir Ihnen Dokumente oder andere Informationen (in elektronischer Form) w\u00e4hrend einer Marketing- oder Werbeaktivit\u00e4t senden oder wir k\u00f6nnen auf Ihre Kommentare oder Informationsanfragen antworten. Wir k\u00f6nnen Ihre personenbezogenen Daten auch verbessern oder mit Informationen zusammenf\u00fchren, die zu demselben Zweck von einem Dritten erhalten wurden. <\/span><\/p>\n<p><span style=\"font-weight: 400;\">Wir verwenden Ihre personenbezogenen Daten auch, um unsere Marketingkampagnen und Werbeaktionen zu verbessern, Statistiken \u00fcber den Verkehr unserer Website zu sammeln, ihre Inhalte zu verbessern oder zu personalisieren und das Layout oder die angebotenen Dienstleistungen zu entwickeln. Wir k\u00f6nnen Ihre Daten auch verwenden, um Ihnen Informationen zu senden, die in einigen F\u00e4llen auf Ihre spezifischen Interessen abzielen. Durch die Verwendung Ihrer personenbezogenen Daten auf diese Weise hoffen wir, unsere Website zu verbessern, um Ihren Bed\u00fcrfnissen besser gerecht zu werden. Neurotype System sammelt personenbezogene Daten nicht automatisch, sondern kombiniert nicht-personenbezogene Daten, die automatisch (z. B. durch Cookies) mit den von Ihnen zuvor angegebenen personenbezogenen Daten erfasst werden.<\/span><\/p>\n<p><span style=\"font-weight: 400;\">Neurotype System sendet gelegentlich E-Mails an Besucher, um sie \u00fcber neue Dienstleistungen, Produkte, Veranstaltungen oder Wettbewerbe zu informieren. Diese Dienste sind optional und k\u00f6nnen jederzeit abgelehnt werden. Wir werden Ihre personenbezogenen Daten f\u00fcr einen angemessenen Zeitraum aufbewahren.<\/span><\/p>\n<h2><b>KONTAKTIEREN SIE UNS<\/b><\/h2>\n<p><span style=\"font-weight: 400;\">Sie k\u00f6nnen uns \u00fcber die Adresse <\/span><a href=\"mailto:info@neurotype.pro\"><span style=\"font-weight: 400;\">info@neurotype.pro<\/span><\/a><span style=\"font-weight: 400;\">, um Fragen zu stellen oder einen Kommentar zu hinterlassen.<\/span><\/p>\n<\/div>\n","protected":false},"excerpt":{"rendered":"<p>Die Gew\u00e4hrleistung der Vertraulichkeit der von Ihnen \u00fcbermittelten Informationen ist Neurotype System (Ballistic Management Inc.) ein gro\u00dfes Anliegen. Wir glauben auch, dass es wichtig ist, Sie dar\u00fcber zu informieren, wie wir mit Ihren Daten umgehen. Daher empfehlen wir Ihnen, unsere Datenschutzerkl\u00e4rung sorgf\u00e4ltig zu lesen. Neurotype System ist nicht verantwortlich f\u00fcr den Inhalt externer Websites Dritter [&hellip;]<\/p>\n","protected":false},"author":23185,"featured_media":0,"parent":0,"menu_order":0,"comment_status":"closed","ping_status":"closed","template":"template-text.php","meta":{"_acf_changed":false,"_monsterinsights_skip_tracking":false,"_monsterinsights_sitenote_active":false,"_monsterinsights_sitenote_note":"","_monsterinsights_sitenote_category":0,"footnotes":""},"class_list":["post-103108","page","type-page","status-publish","hentry"],"acf":[],"yoast_head":"<title>Datenschutzerkl\u00e4rung - Neurotype System<\/title>\n<meta name=\"description\" content=\"Learn more about our privacy policy, our return policy and our terms of use here\" \/>\n<meta name=\"robots\" content=\"index, follow, max-snippet:-1, max-image-preview:large, max-video-preview:-1\" \/>\n<link rel=\"canonical\" href=\"https:\/\/neurotype.pro\/de\/datenschutzerklaerung\/\" \/>\n<meta property=\"og:locale\" content=\"de_DE\" \/>\n<meta property=\"og:type\" content=\"article\" \/>\n<meta property=\"og:title\" content=\"Datenschutzerkl\u00e4rung - Neurotype System\" \/>\n<meta property=\"og:description\" content=\"Learn more about our privacy policy, our return policy and our terms of use here\" \/>\n<meta property=\"og:url\" content=\"https:\/\/neurotype.pro\/de\/datenschutzerklaerung\/\" \/>\n<meta property=\"og:site_name\" content=\"Neurotype System\" \/>\n<meta property=\"article:publisher\" content=\"https:\/\/facebook.com\/christian.thibaudeau\" \/>\n<meta property=\"article:modified_time\" content=\"2021-12-08T21:01:02+00:00\" \/>\n<meta name=\"twitter:card\" content=\"summary_large_image\" \/>\n<meta name=\"twitter:label1\" content=\"Gesch\u00e4tzte Lesezeit\" \/>\n\t<meta name=\"twitter:data1\" content=\"3\u00a0Minuten\" \/>\n<script type=\"application\/ld+json\" class=\"yoast-schema-graph\">{\"@context\":\"https:\/\/schema.org\",\"@graph\":[{\"@type\":\"WebPage\",\"@id\":\"https:\/\/neurotype.pro\/de\/datenschutzerklaerung\/\",\"url\":\"https:\/\/neurotype.pro\/de\/datenschutzerklaerung\/\",\"name\":\"Datenschutzerkl\u00e4rung - Neurotype System\",\"isPartOf\":{\"@id\":\"http:\/\/neurotype.pro\/de\/#website\"},\"datePublished\":\"2021-11-16T20:57:01+00:00\",\"dateModified\":\"2021-12-08T21:01:02+00:00\",\"description\":\"Learn more about our privacy policy, our return policy and our terms of use here\",\"breadcrumb\":{\"@id\":\"https:\/\/neurotype.pro\/de\/datenschutzerklaerung\/#breadcrumb\"},\"inLanguage\":\"de\",\"potentialAction\":[{\"@type\":\"ReadAction\",\"target\":[\"https:\/\/neurotype.pro\/de\/datenschutzerklaerung\/\"]}]},{\"@type\":\"BreadcrumbList\",\"@id\":\"https:\/\/neurotype.pro\/de\/datenschutzerklaerung\/#breadcrumb\",\"itemListElement\":[{\"@type\":\"ListItem\",\"position\":1,\"name\":\"Home\",\"item\":\"http:\/\/neurotype.pro\/de\/\"},{\"@type\":\"ListItem\",\"position\":2,\"name\":\"Datenschutzerkl\u00e4rung\"}]},{\"@type\":\"WebSite\",\"@id\":\"http:\/\/neurotype.pro\/de\/#website\",\"url\":\"http:\/\/neurotype.pro\/de\/\",\"name\":\"Neurotype System\",\"description\":\"\",\"potentialAction\":[{\"@type\":\"SearchAction\",\"target\":{\"@type\":\"EntryPoint\",\"urlTemplate\":\"http:\/\/neurotype.pro\/de\/?s={search_term_string}\"},\"query-input\":{\"@type\":\"PropertyValueSpecification\",\"valueRequired\":true,\"valueName\":\"search_term_string\"}}],\"inLanguage\":\"de\"}]}<\/script>","yoast_head_json":{"title":"Datenschutzerkl\u00e4rung - Neurotype System","description":"Learn more about our privacy policy, our return policy and our terms of use here","robots":{"index":"index","follow":"follow","max-snippet":"max-snippet:-1","max-image-preview":"max-image-preview:large","max-video-preview":"max-video-preview:-1"},"canonical":"https:\/\/neurotype.pro\/de\/datenschutzerklaerung\/","og_locale":"de_DE","og_type":"article","og_title":"Datenschutzerkl\u00e4rung - Neurotype System","og_description":"Learn more about our privacy policy, our return policy and our terms of use here","og_url":"https:\/\/neurotype.pro\/de\/datenschutzerklaerung\/","og_site_name":"Neurotype System","article_publisher":"https:\/\/facebook.com\/christian.thibaudeau","article_modified_time":"2021-12-08T21:01:02+00:00","twitter_card":"summary_large_image","twitter_misc":{"Gesch\u00e4tzte Lesezeit":"3\u00a0Minuten"},"schema":{"@context":"https:\/\/schema.org","@graph":[{"@type":"WebPage","@id":"https:\/\/neurotype.pro\/de\/datenschutzerklaerung\/","url":"https:\/\/neurotype.pro\/de\/datenschutzerklaerung\/","name":"Datenschutzerkl\u00e4rung - Neurotype System","isPartOf":{"@id":"http:\/\/neurotype.pro\/de\/#website"},"datePublished":"2021-11-16T20:57:01+00:00","dateModified":"2021-12-08T21:01:02+00:00","description":"Learn more about our privacy policy, our return policy and our terms of use here","breadcrumb":{"@id":"https:\/\/neurotype.pro\/de\/datenschutzerklaerung\/#breadcrumb"},"inLanguage":"de","potentialAction":[{"@type":"ReadAction","target":["https:\/\/neurotype.pro\/de\/datenschutzerklaerung\/"]}]},{"@type":"BreadcrumbList","@id":"https:\/\/neurotype.pro\/de\/datenschutzerklaerung\/#breadcrumb","itemListElement":[{"@type":"ListItem","position":1,"name":"Home","item":"http:\/\/neurotype.pro\/de\/"},{"@type":"ListItem","position":2,"name":"Datenschutzerkl\u00e4rung"}]},{"@type":"WebSite","@id":"http:\/\/neurotype.pro\/de\/#website","url":"http:\/\/neurotype.pro\/de\/","name":"Neurotype System","description":"","potentialAction":[{"@type":"SearchAction","target":{"@type":"EntryPoint","urlTemplate":"http:\/\/neurotype.pro\/de\/?s={search_term_string}"},"query-input":{"@type":"PropertyValueSpecification","valueRequired":true,"valueName":"search_term_string"}}],"inLanguage":"de"}]}},"_links":{"self":[{"href":"https:\/\/neurotype.pro\/de\/wp-json\/wp\/v2\/pages\/103108","targetHints":{"allow":["GET"]}}],"collection":[{"href":"https:\/\/neurotype.pro\/de\/wp-json\/wp\/v2\/pages"}],"about":[{"href":"https:\/\/neurotype.pro\/de\/wp-json\/wp\/v2\/types\/page"}],"author":[{"embeddable":true,"href":"https:\/\/neurotype.pro\/de\/wp-json\/wp\/v2\/users\/23185"}],"replies":[{"embeddable":true,"href":"https:\/\/neurotype.pro\/de\/wp-json\/wp\/v2\/comments?post=103108"}],"version-history":[{"count":2,"href":"https:\/\/neurotype.pro\/de\/wp-json\/wp\/v2\/pages\/103108\/revisions"}],"predecessor-version":[{"id":103174,"href":"https:\/\/neurotype.pro\/de\/wp-json\/wp\/v2\/pages\/103108\/revisions\/103174"}],"wp:attachment":[{"href":"https:\/\/neurotype.pro\/de\/wp-json\/wp\/v2\/media?parent=103108"}],"curies":[{"name":"wp","href":"https:\/\/api.w.org\/{rel}","templated":true}]}}