{"id":103059,"date":"2021-11-01T10:41:23","date_gmt":"2021-11-01T14:41:23","guid":{"rendered":"https:\/\/neurotype.pro\/?page_id=103059"},"modified":"2021-11-01T10:41:23","modified_gmt":"2021-11-01T14:41:23","slug":"vous-etes-un-entraineur","status":"publish","type":"page","link":"https:\/\/neurotype.pro\/fr\/vous-etes-un-entraineur\/","title":{"rendered":"Vous \u00eates un entraineur ?"},"content":{"rendered":"<p>Vous \u00eates un coach et vous souhaitez aller plus loin \u00e0 l\u2019aide de l&rsquo;utilisation du system Neurotyping.<br \/>\nVous pouvez d\u00e9sormais acc\u00e9der \u00e0 notre programme d\u2019affiliation\/vendeur. Certaines conditions s\u2019appliquent.<\/p>\n<h3>COMMENT \u00caTRE AFFILI\u00c9 \/ VENDEUR NEUROTYPE<\/h3>\n<p>Notre \u00e9quipe s\u00e9lectionne les affili\u00e9s\/vendeurs de la marque en fonction de leur enthousiasme et de leur implication dans la communaut\u00e9, \u00e0 la fois localement et virtuellement.<\/p>\n<p>La pr\u00e9sence sur les m\u00e9dias sociaux et le nombre de clients sont importants pour nous, cependant, une participation active est indispensable !<\/p>\n<p>Votre t\u00e2che en tant qu&rsquo;affili\u00e9\/vendeur de marque est tr\u00e8s simple : repr\u00e9senter avec pr\u00e9cision l&rsquo;essence du Neurotype System pendant la dur\u00e9e de votre contrat.<\/p>\n<p>Remplissez le formulaire, une fois soumis, nous analyserons votre demande et vous contacterons avec les d\u00e9tails du programmes et les options possibles.<\/p>\n\n<div class=\"wpcf7 no-js\" id=\"wpcf7-f103056-o1\" lang=\"en-US\" dir=\"ltr\" data-wpcf7-id=\"103056\">\n<div class=\"screen-reader-response\"><p role=\"status\" aria-live=\"polite\" aria-atomic=\"true\"><\/p> <ul><\/ul><\/div>\n<form action=\"\/fr\/wp-json\/wp\/v2\/pages\/103059#wpcf7-f103056-o1\" method=\"post\" class=\"wpcf7-form init\" aria-label=\"Contact form\" novalidate=\"novalidate\" data-status=\"init\">\n<fieldset class=\"hidden-fields-container\"><input type=\"hidden\" name=\"_wpcf7\" value=\"103056\" \/><input type=\"hidden\" name=\"_wpcf7_version\" value=\"6.1.4\" \/><input type=\"hidden\" name=\"_wpcf7_locale\" value=\"en_US\" \/><input type=\"hidden\" name=\"_wpcf7_unit_tag\" value=\"wpcf7-f103056-o1\" \/><input type=\"hidden\" name=\"_wpcf7_container_post\" value=\"0\" \/><input type=\"hidden\" name=\"_wpcf7_posted_data_hash\" value=\"\" \/>\n<\/fieldset>\n<div class=\"u-display-flex u-justify-space-between\">\n\t<div class=\"u-1\/2 u-padding-right-small\">\n\t\t<p><label class='c-form_label'>Pr\u00e9nom <span class=\"u-text-red u-bold\">*<\/span> <\/label><br \/>\n<span class=\"wpcf7-form-control-wrap\" data-name=\"trainer-first-name\"><input size=\"40\" maxlength=\"400\" class=\"wpcf7-form-control wpcf7-text wpcf7-validates-as-required c-form_input\" aria-required=\"true\" aria-invalid=\"false\" value=\"\" type=\"text\" name=\"trainer-first-name\" \/><\/span>\n\t\t<\/p>\n\t<\/div>\n\t<div class=\"u-1\/2\">\n\t\t<p><label class='c-form_label'>Nom <span class=\"u-text-red u-bold\">*<\/span> <\/label><br \/>\n<span class=\"wpcf7-form-control-wrap\" data-name=\"trainer-last-name\"><input size=\"40\" maxlength=\"400\" class=\"wpcf7-form-control wpcf7-text wpcf7-validates-as-required c-form_input\" aria-required=\"true\" aria-invalid=\"false\" value=\"\" type=\"text\" name=\"trainer-last-name\" \/><\/span>\n\t\t<\/p>\n\t<\/div>\n<\/div>\n<div class=\"u-display-flex u-justify-space-between\">\n\t<div class=\"u-1\/2 u-padding-right-small\">\n\t\t<p><label class='c-form_label'>Courriel <span class=\"u-text-red u-bold\">*<\/span> <\/label><br \/>\n<span class=\"wpcf7-form-control-wrap\" data-name=\"trainer-email\"><input size=\"40\" maxlength=\"400\" class=\"wpcf7-form-control wpcf7-email wpcf7-validates-as-required wpcf7-text wpcf7-validates-as-email c-form_input\" aria-required=\"true\" aria-invalid=\"false\" value=\"\" type=\"email\" name=\"trainer-email\" \/><\/span>\n\t\t<\/p>\n\t<\/div>\n\t<div class=\"u-1\/2\">\n\t\t<p><label class='c-form_label'>T\u00e9l\u00e9phone <span class=\"u-text-red u-bold\">*<\/span> <\/label><br \/>\n<span class=\"wpcf7-form-control-wrap\" data-name=\"trainer-tel\"><input size=\"40\" maxlength=\"400\" class=\"wpcf7-form-control wpcf7-tel wpcf7-validates-as-required wpcf7-text wpcf7-validates-as-tel c-form_input\" aria-required=\"true\" aria-invalid=\"false\" value=\"\" type=\"tel\" name=\"trainer-tel\" \/><\/span>\n\t\t<\/p>\n\t<\/div>\n<\/div>\n<div>\n\t<p><label class='c-form_label'>Lien Instagram (ou ID du compte) <\/label><br \/>\n<span class=\"wpcf7-form-control-wrap\" data-name=\"trainer-instagram-account\"><input size=\"40\" maxlength=\"400\" class=\"wpcf7-form-control wpcf7-text c-form_input\" aria-invalid=\"false\" value=\"\" type=\"text\" name=\"trainer-instagram-account\" \/><\/span>\n\t<\/p>\n<\/div>\n<div>\n\t<p><label class='c-form_label'>Lien Facebook (ou ID du compte) <\/label><br \/>\n<span class=\"wpcf7-form-control-wrap\" data-name=\"trainer-facebook-account\"><input size=\"40\" maxlength=\"400\" class=\"wpcf7-form-control wpcf7-text c-form_input\" aria-invalid=\"false\" value=\"\" type=\"text\" name=\"trainer-facebook-account\" \/><\/span>\n\t<\/p>\n<\/div>\n<div>\n\t<p><label class='c-form_label'>Message<\/label><br \/>\n<span class=\"wpcf7-form-control-wrap\" data-name=\"trainer-message\"><textarea cols=\"40\" rows=\"10\" maxlength=\"2000\" class=\"wpcf7-form-control wpcf7-textarea c-form_input\" aria-invalid=\"false\" name=\"trainer-message\"><\/textarea><\/span>\n\t<\/p>\n<\/div>\n<p><button type=\"submit\" class=\"wpcf7-form-control wpcf7-submit u-margin-bottom-small\">Envoyer<\/button>\n<\/p><div class=\"wpcf7-response-output\" aria-hidden=\"true\"><\/div>\n<\/form>\n<\/div>\n\n<h3>N\u2019ATTENDEZ PAS, VOUS AVEZ L\u2019OPPORTUNIT\u00c9 D\u2019UTILISER LE SYST\u00c8ME NEUROTYPING \u00c0 UN AUTRE NIVEAU!<\/h3>\n","protected":false},"excerpt":{"rendered":"<p>Vous \u00eates un coach et vous souhaitez aller plus loin \u00e0 l\u2019aide de l&rsquo;utilisation du system Neurotyping. Vous pouvez d\u00e9sormais acc\u00e9der \u00e0 notre programme d\u2019affiliation\/vendeur. Certaines conditions s\u2019appliquent. COMMENT \u00caTRE AFFILI\u00c9 \/ VENDEUR NEUROTYPE Notre \u00e9quipe s\u00e9lectionne les affili\u00e9s\/vendeurs de la marque en fonction de leur enthousiasme et de leur implication dans la communaut\u00e9, \u00e0 [&hellip;]<\/p>\n","protected":false},"author":23326,"featured_media":0,"parent":0,"menu_order":0,"comment_status":"closed","ping_status":"closed","template":"template-text.php","meta":{"_acf_changed":false,"_monsterinsights_skip_tracking":false,"_monsterinsights_sitenote_active":false,"_monsterinsights_sitenote_note":"","_monsterinsights_sitenote_category":0,"footnotes":""},"class_list":["post-103059","page","type-page","status-publish","hentry"],"acf":[],"yoast_head":"<title>Vous \u00eates un entraineur ? - Neurotype System<\/title>\n<meta name=\"robots\" content=\"index, follow, max-snippet:-1, max-image-preview:large, max-video-preview:-1\" \/>\n<link rel=\"canonical\" href=\"https:\/\/neurotype.pro\/fr\/vous-etes-un-entraineur\/\" \/>\n<meta property=\"og:locale\" content=\"fr_FR\" \/>\n<meta property=\"og:type\" content=\"article\" \/>\n<meta property=\"og:title\" content=\"Vous \u00eates un entraineur ? - Neurotype System\" \/>\n<meta property=\"og:description\" content=\"Vous \u00eates un coach et vous souhaitez aller plus loin \u00e0 l\u2019aide de l&rsquo;utilisation du system Neurotyping. Vous pouvez d\u00e9sormais acc\u00e9der \u00e0 notre programme d\u2019affiliation\/vendeur. Certaines conditions s\u2019appliquent. COMMENT \u00caTRE AFFILI\u00c9 \/ VENDEUR NEUROTYPE Notre \u00e9quipe s\u00e9lectionne les affili\u00e9s\/vendeurs de la marque en fonction de leur enthousiasme et de leur implication dans la communaut\u00e9, \u00e0 [&hellip;]\" \/>\n<meta property=\"og:url\" content=\"https:\/\/neurotype.pro\/fr\/vous-etes-un-entraineur\/\" \/>\n<meta property=\"og:site_name\" content=\"Neurotype System\" \/>\n<meta property=\"article:publisher\" content=\"https:\/\/facebook.com\/christian.thibaudeau\" \/>\n<meta name=\"twitter:card\" content=\"summary_large_image\" \/>\n<meta name=\"twitter:label1\" content=\"Dur\u00e9e de lecture estim\u00e9e\" \/>\n\t<meta name=\"twitter:data1\" content=\"1 minute\" \/>\n<script type=\"application\/ld+json\" class=\"yoast-schema-graph\">{\"@context\":\"https:\/\/schema.org\",\"@graph\":[{\"@type\":\"WebPage\",\"@id\":\"https:\/\/neurotype.pro\/fr\/vous-etes-un-entraineur\/\",\"url\":\"https:\/\/neurotype.pro\/fr\/vous-etes-un-entraineur\/\",\"name\":\"Vous \u00eates un entraineur ? - Neurotype System\",\"isPartOf\":{\"@id\":\"https:\/\/neurotype.pro\/fr\/#website\"},\"datePublished\":\"2021-11-01T14:41:23+00:00\",\"breadcrumb\":{\"@id\":\"https:\/\/neurotype.pro\/fr\/vous-etes-un-entraineur\/#breadcrumb\"},\"inLanguage\":\"fr-FR\",\"potentialAction\":[{\"@type\":\"ReadAction\",\"target\":[\"https:\/\/neurotype.pro\/fr\/vous-etes-un-entraineur\/\"]}]},{\"@type\":\"BreadcrumbList\",\"@id\":\"https:\/\/neurotype.pro\/fr\/vous-etes-un-entraineur\/#breadcrumb\",\"itemListElement\":[{\"@type\":\"ListItem\",\"position\":1,\"name\":\"Home\",\"item\":\"https:\/\/neurotype.pro\/fr\/\"},{\"@type\":\"ListItem\",\"position\":2,\"name\":\"Vous \u00eates un entraineur ?\"}]},{\"@type\":\"WebSite\",\"@id\":\"https:\/\/neurotype.pro\/fr\/#website\",\"url\":\"https:\/\/neurotype.pro\/fr\/\",\"name\":\"Neurotype System\",\"description\":\"\",\"potentialAction\":[{\"@type\":\"SearchAction\",\"target\":{\"@type\":\"EntryPoint\",\"urlTemplate\":\"https:\/\/neurotype.pro\/fr\/?s={search_term_string}\"},\"query-input\":{\"@type\":\"PropertyValueSpecification\",\"valueRequired\":true,\"valueName\":\"search_term_string\"}}],\"inLanguage\":\"fr-FR\"}]}<\/script>","yoast_head_json":{"title":"Vous \u00eates un entraineur ? - Neurotype System","robots":{"index":"index","follow":"follow","max-snippet":"max-snippet:-1","max-image-preview":"max-image-preview:large","max-video-preview":"max-video-preview:-1"},"canonical":"https:\/\/neurotype.pro\/fr\/vous-etes-un-entraineur\/","og_locale":"fr_FR","og_type":"article","og_title":"Vous \u00eates un entraineur ? - Neurotype System","og_description":"Vous \u00eates un coach et vous souhaitez aller plus loin \u00e0 l\u2019aide de l&rsquo;utilisation du system Neurotyping. Vous pouvez d\u00e9sormais acc\u00e9der \u00e0 notre programme d\u2019affiliation\/vendeur. Certaines conditions s\u2019appliquent. COMMENT \u00caTRE AFFILI\u00c9 \/ VENDEUR NEUROTYPE Notre \u00e9quipe s\u00e9lectionne les affili\u00e9s\/vendeurs de la marque en fonction de leur enthousiasme et de leur implication dans la communaut\u00e9, \u00e0 [&hellip;]","og_url":"https:\/\/neurotype.pro\/fr\/vous-etes-un-entraineur\/","og_site_name":"Neurotype System","article_publisher":"https:\/\/facebook.com\/christian.thibaudeau","twitter_card":"summary_large_image","twitter_misc":{"Dur\u00e9e de lecture estim\u00e9e":"1 minute"},"schema":{"@context":"https:\/\/schema.org","@graph":[{"@type":"WebPage","@id":"https:\/\/neurotype.pro\/fr\/vous-etes-un-entraineur\/","url":"https:\/\/neurotype.pro\/fr\/vous-etes-un-entraineur\/","name":"Vous \u00eates un entraineur ? - Neurotype System","isPartOf":{"@id":"https:\/\/neurotype.pro\/fr\/#website"},"datePublished":"2021-11-01T14:41:23+00:00","breadcrumb":{"@id":"https:\/\/neurotype.pro\/fr\/vous-etes-un-entraineur\/#breadcrumb"},"inLanguage":"fr-FR","potentialAction":[{"@type":"ReadAction","target":["https:\/\/neurotype.pro\/fr\/vous-etes-un-entraineur\/"]}]},{"@type":"BreadcrumbList","@id":"https:\/\/neurotype.pro\/fr\/vous-etes-un-entraineur\/#breadcrumb","itemListElement":[{"@type":"ListItem","position":1,"name":"Home","item":"https:\/\/neurotype.pro\/fr\/"},{"@type":"ListItem","position":2,"name":"Vous \u00eates un entraineur ?"}]},{"@type":"WebSite","@id":"https:\/\/neurotype.pro\/fr\/#website","url":"https:\/\/neurotype.pro\/fr\/","name":"Neurotype System","description":"","potentialAction":[{"@type":"SearchAction","target":{"@type":"EntryPoint","urlTemplate":"https:\/\/neurotype.pro\/fr\/?s={search_term_string}"},"query-input":{"@type":"PropertyValueSpecification","valueRequired":true,"valueName":"search_term_string"}}],"inLanguage":"fr-FR"}]}},"_links":{"self":[{"href":"https:\/\/neurotype.pro\/fr\/wp-json\/wp\/v2\/pages\/103059","targetHints":{"allow":["GET"]}}],"collection":[{"href":"https:\/\/neurotype.pro\/fr\/wp-json\/wp\/v2\/pages"}],"about":[{"href":"https:\/\/neurotype.pro\/fr\/wp-json\/wp\/v2\/types\/page"}],"author":[{"embeddable":true,"href":"https:\/\/neurotype.pro\/fr\/wp-json\/wp\/v2\/users\/23326"}],"replies":[{"embeddable":true,"href":"https:\/\/neurotype.pro\/fr\/wp-json\/wp\/v2\/comments?post=103059"}],"version-history":[{"count":1,"href":"https:\/\/neurotype.pro\/fr\/wp-json\/wp\/v2\/pages\/103059\/revisions"}],"predecessor-version":[{"id":103060,"href":"https:\/\/neurotype.pro\/fr\/wp-json\/wp\/v2\/pages\/103059\/revisions\/103060"}],"wp:attachment":[{"href":"https:\/\/neurotype.pro\/fr\/wp-json\/wp\/v2\/media?parent=103059"}],"curies":[{"name":"wp","href":"https:\/\/api.w.org\/{rel}","templated":true}]}}