{"id":29,"date":"2020-07-12T13:25:29","date_gmt":"2020-07-12T17:25:29","guid":{"rendered":"http:\/\/thibarmy.com\/\/?page_id=29"},"modified":"2020-07-13T13:34:45","modified_gmt":"2020-07-13T17:34:45","slug":"politique-de-confidentialite","status":"publish","type":"page","link":"https:\/\/neurotype.pro\/fr\/politique-de-confidentialite\/","title":{"rendered":"Politique de confidentialit\u00e9"},"content":{"rendered":"<p><span style=\"font-weight: 400;\">Neurotype System (Ballistic Management Inc.) attache une grande importance \u00e0 la garantie de la confidentialit\u00e9 des informations personnelles que vous nous communiquez. Nous pensons \u00e9galement qu\u2019il est essentiel de vous informer sur la fa\u00e7on dont nous traitons vos donn\u00e9es. Nous vous invitons par cons\u00e9quent \u00e0 lire attentivement notre politique en mati\u00e8re de protection de la vie priv\u00e9e.<\/span><\/p>\n<p><span style=\"font-weight: 400;\">Neurotype System n\u2019est pas responsable du contenu des sites Internet appartenant \u00e0 des tiers ou des hyperliens contenus dans ces sites et ne poss\u00e8de donc aucun contr\u00f4le sur ceux-ci.<\/span><\/p>\n<h2>PARTAGE D\u2019INFORMATIONS<\/h2>\n<p><span style=\"font-weight: 400;\">Neurotype System ne vendra ni ne louera vos informations personnelles \u00e0 des tiers, \u00e0 l&rsquo;exception de la divulgation d&rsquo;informations au partenaire\/soci\u00e9t\u00e9 tierce, le cas \u00e9ch\u00e9ant, de Neurotype System indiqu\u00e9e sur le c\u00f4t\u00e9 droit des pages principales ou dans la partie inf\u00e9rieure de la version mobile du site Web. Ce partenaire\/soci\u00e9t\u00e9 tierce est li\u00e9 par un accord de confidentialit\u00e9. Sinon, nous pouvons divulguer vos informations personnelles si la loi l&rsquo;exige ou si nous pensons, de bonne foi, qu&rsquo;une telle action est n\u00e9cessaire pour se conformer \u00e0 nos obligations l\u00e9gales.<\/span><\/p>\n<h2>INFORMATIONS ANONYMES<\/h2>\n<p><span style=\"font-weight: 400;\">Si vous visitez notre site pour naviguer, lire ou t\u00e9l\u00e9charger des informations, nous recueillons et conservons certaines donn\u00e9es comme le nom du domaine et de l\u2019h\u00f4te par lequel vous avez acc\u00e8s \u00e0 Internet, l\u2019adresse protocole Internet (IP) de l\u2019ordinateur que vous utilisez, la date et l\u2019heure de votre passage sur notre site et l\u2019adresse Internet du site \u00e0 partir duquel vous vous \u00eates connect\u00e9 sur notre site. Nous utilisons ces informations pour mesurer la fr\u00e9quentation de notre site et pour nous aider \u00e0 le rendre plus utile et plus efficace.<\/span><\/p>\n<h2>INFORMATIONS PERSONNELLES<\/h2>\n<p><span style=\"font-weight: 400;\">Les informations personnelles sont des informations telles que votre nom, votre date de naissance ou votre adresse e-mail qui peuvent \u00eatre utilis\u00e9es pour vous identifier. En outre, les informations personnelles incluent \u00e9galement toutes les informations que vous avez fournies dans le cadre du test de neurotype.<\/span><\/p>\n<p><span style=\"font-weight: 400;\">Vous pouvez acc\u00e9der au site de Neurotype System et naviguer sur celui-ci sans communiquer vos informations personnelles. Toutefois, pour pouvoir utiliser certaines options disponibles sur ce site, comme l\u2019achat de s\u00e9ances d\u2019entra\u00eenement personnalis\u00e9, l\u2019utilisateur doit fournir certaines informations personnelles (et notamment son pr\u00e9nom, son nom, son adresse \u00e9lectronique et son num\u00e9ro de t\u00e9l\u00e9phone). Les informations personnelles recueillies sur ce site sont uniquement utilis\u00e9es aux fins clairement explicit\u00e9es lors de la demande de renseignements. Les coordonn\u00e9es, telles que le nom et l\u2019adresse \u00e9lectronique, sont notamment utilis\u00e9es pour fournir aux utilisateurs les services qu\u2019ils ont choisis sur ce site.<\/span><\/p>\n<p><span style=\"font-weight: 400;\">Nous pouvons utiliser les informations personnelles recueillies sur ce site pour contacter des utilisateurs en cas d\u2019usage inappropri\u00e9, de non-respect de certaines conditions d\u2019utilisation ou de plainte d\u00e9pos\u00e9e par un autre utilisateur.<\/span><\/p>\n<h2>UTILISATION DES INFORMATIONS PERSONNELLES<\/h2>\n<p><span style=\"font-weight: 400;\">Nous pouvons utiliser vos informations personnelles pour vous contacter. Nous pouvons, par exemple, vous envoyer des documents ou d\u2019autres informations (en format \u00e9lectronique) dans le cadre d\u2019une op\u00e9ration marketing ou d\u2019une action promotionnelle; nous pouvons r\u00e9pondre \u00e0 vos commentaires ou \u00e0 vos demandes d\u2019informations. Nous pouvons aussi am\u00e9liorer ou fusionner vos informations personnelles avec des donn\u00e9es obtenues par un tiers dans le m\u00eame but.<\/span><\/p>\n<p><span style=\"font-weight: 400;\">Nous utilisons \u00e9galement vos informations personnelles pour am\u00e9liorer nos campagnes marketing et nos promotions, pour r\u00e9aliser des statistiques sur la fr\u00e9quentation de notre site, pour en am\u00e9liorer le contenu ou personnaliser celui-ci, ainsi que pour modifier la mise en page et les services qui y sont offerts. Nous pouvons \u00e9galement utiliser vos donn\u00e9es pour vous envoyer des informations qui, dans certains cas, ciblent vos int\u00e9r\u00eats. En utilisant vos informations personnelles de la sorte, nous esp\u00e9rons am\u00e9liorer notre site et mieux l\u2019adapter \u00e0 vos besoins. Neurotype System ne recueille pas d\u2019informations personnelles automatiquement, mais combine des informations non personnelles recueillies automatiquement (via des cookies, par exemple) avec les informations personnelles que vous nous avez communiqu\u00e9es pr\u00e9c\u00e9demment.<\/span><\/p>\n<p><span style=\"font-weight: 400;\">Neurotype System envoie occasionnellement des courriels aux visiteurs pour les informer sur de nouveaux services, de nouveaux produits, des \u00e9v\u00e9nements ou des concours. Ces services sont facultatifs et vous pouvez, \u00e0 tout moment, demander \u00e0 ne plus en b\u00e9n\u00e9ficier. Nous conserverons vos informations personnelles pendant une p\u00e9riode raisonnable.<\/span><\/p>\n<h2>NOUS JOINDRE<\/h2>\n<p><span style=\"font-weight: 400;\">Vous pouvez nous contacter via l\u2019adresse <\/span><a href=\"mailto:info@neurotype.pro\"><span style=\"font-weight: 400;\">info@neurotype.pro <\/span><\/a><span style=\"font-weight: 400;\">pour nous poser vos questions ou nous laisser un commentaire.<\/span><\/p>\n","protected":false},"excerpt":{"rendered":"<p>Neurotype System (Ballistic Management Inc.) attache une grande importance \u00e0 la garantie de la confidentialit\u00e9 des informations personnelles que vous nous communiquez. Nous pensons \u00e9galement qu\u2019il est essentiel de vous informer sur la fa\u00e7on dont nous traitons vos donn\u00e9es. Nous vous invitons par cons\u00e9quent \u00e0 lire attentivement notre politique en mati\u00e8re de protection de la [&hellip;]<\/p>\n","protected":false},"author":23185,"featured_media":0,"parent":0,"menu_order":0,"comment_status":"closed","ping_status":"closed","template":"template-text.php","meta":{"_acf_changed":false,"_monsterinsights_skip_tracking":false,"_monsterinsights_sitenote_active":false,"_monsterinsights_sitenote_note":"","_monsterinsights_sitenote_category":0,"footnotes":""},"class_list":["post-29","page","type-page","status-publish","hentry"],"acf":[],"yoast_head":"<title>Politique de confidentialit\u00e9 - Neurotype System<\/title>\n<meta name=\"description\" content=\"Apprenez en plus sur notre politique de confidentialit\u00e9, notre politique de retour et nos conditions d&#039;utilisation ici\" \/>\n<meta name=\"robots\" content=\"index, follow, max-snippet:-1, max-image-preview:large, max-video-preview:-1\" \/>\n<link rel=\"canonical\" href=\"https:\/\/neurotype.pro\/fr\/politique-de-confidentialite\/\" \/>\n<meta property=\"og:locale\" content=\"fr_FR\" \/>\n<meta property=\"og:type\" content=\"article\" \/>\n<meta property=\"og:title\" content=\"Politique de confidentialit\u00e9 - Neurotype System\" \/>\n<meta property=\"og:description\" content=\"Apprenez en plus sur notre politique de confidentialit\u00e9, notre politique de retour et nos conditions d&#039;utilisation ici\" \/>\n<meta property=\"og:url\" content=\"https:\/\/neurotype.pro\/fr\/politique-de-confidentialite\/\" \/>\n<meta property=\"og:site_name\" content=\"Neurotype System\" \/>\n<meta property=\"article:publisher\" content=\"https:\/\/facebook.com\/christian.thibaudeau\" \/>\n<meta property=\"article:modified_time\" content=\"2020-07-13T17:34:45+00:00\" \/>\n<meta name=\"twitter:card\" content=\"summary_large_image\" \/>\n<meta name=\"twitter:label1\" content=\"Dur\u00e9e de lecture estim\u00e9e\" \/>\n\t<meta name=\"twitter:data1\" content=\"4 minutes\" \/>\n<script type=\"application\/ld+json\" class=\"yoast-schema-graph\">{\"@context\":\"https:\/\/schema.org\",\"@graph\":[{\"@type\":\"WebPage\",\"@id\":\"https:\/\/neurotype.pro\/fr\/politique-de-confidentialite\/\",\"url\":\"https:\/\/neurotype.pro\/fr\/politique-de-confidentialite\/\",\"name\":\"Politique de confidentialit\u00e9 - Neurotype System\",\"isPartOf\":{\"@id\":\"https:\/\/neurotype.pro\/fr\/#website\"},\"datePublished\":\"2020-07-12T17:25:29+00:00\",\"dateModified\":\"2020-07-13T17:34:45+00:00\",\"description\":\"Apprenez en plus sur notre politique de confidentialit\u00e9, notre politique de retour et nos conditions d'utilisation ici\",\"breadcrumb\":{\"@id\":\"https:\/\/neurotype.pro\/fr\/politique-de-confidentialite\/#breadcrumb\"},\"inLanguage\":\"fr-FR\",\"potentialAction\":[{\"@type\":\"ReadAction\",\"target\":[\"https:\/\/neurotype.pro\/fr\/politique-de-confidentialite\/\"]}]},{\"@type\":\"BreadcrumbList\",\"@id\":\"https:\/\/neurotype.pro\/fr\/politique-de-confidentialite\/#breadcrumb\",\"itemListElement\":[{\"@type\":\"ListItem\",\"position\":1,\"name\":\"Home\",\"item\":\"https:\/\/neurotype.pro\/fr\/\"},{\"@type\":\"ListItem\",\"position\":2,\"name\":\"Politique de confidentialit\u00e9\"}]},{\"@type\":\"WebSite\",\"@id\":\"https:\/\/neurotype.pro\/fr\/#website\",\"url\":\"https:\/\/neurotype.pro\/fr\/\",\"name\":\"Neurotype System\",\"description\":\"\",\"potentialAction\":[{\"@type\":\"SearchAction\",\"target\":{\"@type\":\"EntryPoint\",\"urlTemplate\":\"https:\/\/neurotype.pro\/fr\/?s={search_term_string}\"},\"query-input\":{\"@type\":\"PropertyValueSpecification\",\"valueRequired\":true,\"valueName\":\"search_term_string\"}}],\"inLanguage\":\"fr-FR\"}]}<\/script>","yoast_head_json":{"title":"Politique de confidentialit\u00e9 - Neurotype System","description":"Apprenez en plus sur notre politique de confidentialit\u00e9, notre politique de retour et nos conditions d'utilisation ici","robots":{"index":"index","follow":"follow","max-snippet":"max-snippet:-1","max-image-preview":"max-image-preview:large","max-video-preview":"max-video-preview:-1"},"canonical":"https:\/\/neurotype.pro\/fr\/politique-de-confidentialite\/","og_locale":"fr_FR","og_type":"article","og_title":"Politique de confidentialit\u00e9 - Neurotype System","og_description":"Apprenez en plus sur notre politique de confidentialit\u00e9, notre politique de retour et nos conditions d'utilisation ici","og_url":"https:\/\/neurotype.pro\/fr\/politique-de-confidentialite\/","og_site_name":"Neurotype System","article_publisher":"https:\/\/facebook.com\/christian.thibaudeau","article_modified_time":"2020-07-13T17:34:45+00:00","twitter_card":"summary_large_image","twitter_misc":{"Dur\u00e9e de lecture estim\u00e9e":"4 minutes"},"schema":{"@context":"https:\/\/schema.org","@graph":[{"@type":"WebPage","@id":"https:\/\/neurotype.pro\/fr\/politique-de-confidentialite\/","url":"https:\/\/neurotype.pro\/fr\/politique-de-confidentialite\/","name":"Politique de confidentialit\u00e9 - Neurotype System","isPartOf":{"@id":"https:\/\/neurotype.pro\/fr\/#website"},"datePublished":"2020-07-12T17:25:29+00:00","dateModified":"2020-07-13T17:34:45+00:00","description":"Apprenez en plus sur notre politique de confidentialit\u00e9, notre politique de retour et nos conditions d'utilisation ici","breadcrumb":{"@id":"https:\/\/neurotype.pro\/fr\/politique-de-confidentialite\/#breadcrumb"},"inLanguage":"fr-FR","potentialAction":[{"@type":"ReadAction","target":["https:\/\/neurotype.pro\/fr\/politique-de-confidentialite\/"]}]},{"@type":"BreadcrumbList","@id":"https:\/\/neurotype.pro\/fr\/politique-de-confidentialite\/#breadcrumb","itemListElement":[{"@type":"ListItem","position":1,"name":"Home","item":"https:\/\/neurotype.pro\/fr\/"},{"@type":"ListItem","position":2,"name":"Politique de confidentialit\u00e9"}]},{"@type":"WebSite","@id":"https:\/\/neurotype.pro\/fr\/#website","url":"https:\/\/neurotype.pro\/fr\/","name":"Neurotype System","description":"","potentialAction":[{"@type":"SearchAction","target":{"@type":"EntryPoint","urlTemplate":"https:\/\/neurotype.pro\/fr\/?s={search_term_string}"},"query-input":{"@type":"PropertyValueSpecification","valueRequired":true,"valueName":"search_term_string"}}],"inLanguage":"fr-FR"}]}},"_links":{"self":[{"href":"https:\/\/neurotype.pro\/fr\/wp-json\/wp\/v2\/pages\/29","targetHints":{"allow":["GET"]}}],"collection":[{"href":"https:\/\/neurotype.pro\/fr\/wp-json\/wp\/v2\/pages"}],"about":[{"href":"https:\/\/neurotype.pro\/fr\/wp-json\/wp\/v2\/types\/page"}],"author":[{"embeddable":true,"href":"https:\/\/neurotype.pro\/fr\/wp-json\/wp\/v2\/users\/23185"}],"replies":[{"embeddable":true,"href":"https:\/\/neurotype.pro\/fr\/wp-json\/wp\/v2\/comments?post=29"}],"version-history":[{"count":3,"href":"https:\/\/neurotype.pro\/fr\/wp-json\/wp\/v2\/pages\/29\/revisions"}],"predecessor-version":[{"id":102479,"href":"https:\/\/neurotype.pro\/fr\/wp-json\/wp\/v2\/pages\/29\/revisions\/102479"}],"wp:attachment":[{"href":"https:\/\/neurotype.pro\/fr\/wp-json\/wp\/v2\/media?parent=29"}],"curies":[{"name":"wp","href":"https:\/\/api.w.org\/{rel}","templated":true}]}}